{"id":936,"date":"2022-02-07T05:54:48","date_gmt":"2022-02-07T05:54:48","guid":{"rendered":"http:\/\/lmsdemo.loc\/lms-white\/?page_id=7"},"modified":"2026-05-03T19:47:02","modified_gmt":"2026-05-03T19:47:02","slug":"home","status":"publish","type":"page","link":"https:\/\/www.fuentedevidamx.org\/","title":{"rendered":"Home"},"content":{"rendered":"<div class=\"wpb-content-wrapper\"><p>[vc_row css=&#8221;.vc_custom_1536745839740{margin-bottom: 0px !important;}&#8221;][vc_column css=&#8221;.vc_custom_1536745834183{margin-bottom: 0px !important;}&#8221;][rev_slider_vc alias=&#8221;main_slider&#8221;][\/vc_column][\/vc_row][vc_row css=&#8221;.vc_custom_1536823288236{margin-bottom: 44px !important;}&#8221;][vc_column][stm_lms_courses_categories style=&#8221;style_4&#8243; css=&#8221;.vc_custom_1536822373411{margin-top: -147px !important;}&#8221;][\/vc_column][\/vc_row][vc_row el_class=&#8221;overflowed_content&#8221;][vc_column][stm_lms_courses_grid hide_load_more=&#8221;hidden&#8221; per_row=&#8221;4&#8243; posts_per_page=&#8221;12&#8243; title=&#8221;Top Courses&#8221;][\/vc_column][\/vc_row][vc_row full_width=&#8221;stretch_row&#8221; parallax=&#8221;content-moving&#8221; parallax_image=&#8221;1164&#8243; parallax_speed_bg=&#8221;1.6&#8243; css=&#8221;.vc_custom_1536836667813{margin-bottom: 0px !important;padding-top: 29px !important;padding-bottom: 60px !important;}&#8221; el_class=&#8221;stm_fixed_background&#8221;][vc_column][vc_empty_space height=&#8221;42px&#8221;][vc_custom_heading text=&#8221;SCHOOL ACHIEVEMENTS&#8221; font_container=&#8221;tag:h2|text_align:center|color:%23ffffff&#8221; use_theme_fonts=&#8221;yes&#8221; css=&#8221;.vc_custom_1536823512323{margin-bottom: 51px !important;}&#8221;][vc_row_inner][vc_column_inner][vc_column_text css=&#8221;.vc_custom_1437037943778{margin-bottom: 11px !important;}&#8221;]<\/p>\n<h4 style=\"text-align: center;\"><span style=\"color: #ffffff;\">Here you can review some statistics about our Education Center<\/span><\/h4>\n<p>[\/vc_column_text][\/vc_column_inner][\/vc_row_inner][vc_row_inner css=&#8221;.vc_custom_1436163882282{margin-bottom: 46px !important;}&#8221;][vc_column_inner width=&#8221;1\/4&#8243;][stm_stats_counter counter_value=&#8221;94532&#8243; icon=&#8221;fa-icon-stm_icon_earth&#8221; icon_height=&#8221;72&#8243; title=&#8221;Foreign followers&#8221; icon_text_color=&#8221;#ffffff&#8221;][\/vc_column_inner][vc_column_inner width=&#8221;1\/4&#8243;][stm_stats_counter counter_value=&#8221;11223&#8243; icon=&#8221;fa-icon-stm_icon_alarm&#8221; icon_size=&#8221;71&#8243; icon_height=&#8221;72&#8243; title=&#8221;Classes complete&#8221;][\/vc_column_inner][vc_column_inner width=&#8221;1\/4&#8243;][stm_stats_counter counter_value=&#8221;282673&#8243; icon=&#8221;fa-icon-stm_icon_users&#8221; icon_height=&#8221;72&#8243; title=&#8221;Students enrolled&#8221;][\/vc_column_inner][vc_column_inner width=&#8221;1\/4&#8243;][stm_stats_counter counter_value=&#8221;37&#8243; icon=&#8221;fa-icon-stm_icon_briefcase&#8221; icon_height=&#8221;72&#8243; title=&#8221;Certified teachers&#8221;][\/vc_column_inner][\/vc_row_inner][vc_empty_space height=&#8221;48px&#8221;][\/vc_column][\/vc_row][vc_row full_width=&#8221;stretch_row&#8221; css=&#8221;.vc_custom_1536836641016{margin-bottom: 0px !important;background-image: url(http:\/\/stylemixthemes.com\/masterstudy\/demoimages\/classic_lms\/teacher_bg.jpg?id=1163) !important;background-position: center !important;background-repeat: no-repeat !important;background-size: cover !important;}&#8221; el_class=&#8221;overflowed_content&#8221;][vc_column][stm_lms_featured_teacher instructor=&#8221;1&#8243; image=&#8221;5008&#8243; position=&#8221;Director&#8221; bio=&#8221;El Dr. Greg Wood es un misionero de segunda generaci\u00f3n que ha servido en M\u00e9xico por m\u00e1s de 50 a\u00f1os. Hijo de Vernon D. Wood y Charlotte Wood, los primeros misioneros enviados por Kingsway Fellowship International, contin\u00faa con un legado de evangelismo, compasi\u00f3n y dedicaci\u00f3n al Evangelio.<\/p>\n<p>Posee un Doctorado del Shalom Bible College and Seminary y es el Fundador y Presidente de Latin American Mission Ministries, una organizaci\u00f3n dedicada a la evangelizaci\u00f3n, la capacitaci\u00f3n de l\u00edderes y el alcance humanitario en Am\u00e9rica Latina. El Dr. Wood tambi\u00e9n funge como Director del Instituto Teol\u00f3gico Internacional Fuente de Vida, formando pastores y l\u00edderes para un ministerio eficaz, y como Director del Hogar Infantil Nuevo Amanecer, donde se brinda cuidado a ni\u00f1os abusados, descuidados y abandonados.<\/p>\n<p>Si desea apoyar el hogar infantil o recibir m\u00e1s informaci\u00f3n sobre el ministerio, puede comunicarse a:<\/p>\n<p>Latin American Mission Ministries<br \/>\nP.O. Box 240<br \/>\nPharr, Texas 78577&#8243;][\/vc_column][\/vc_row][vc_row full_width=&#8221;stretch_row&#8221; el_class=&#8221;sbc&#8221; css=&#8221;.vc_custom_1536750043588{margin-bottom: 0px !important;}&#8221;][vc_column offset=&#8221;vc_col-lg-7 vc_col-md-7&#8243;][vc_empty_space height=&#8221;27px&#8221;][vc_custom_heading text=&#8221;Subscribe our newsletter&#8221; font_container=&#8221;tag:h4|font_size:19|text_align:left|color:%23ffffff|line_height:22px&#8221; use_theme_fonts=&#8221;yes&#8221;][vc_custom_heading text=&#8221;There are many variations of passages of Lorem Ipsum available, but the majority have suffered alteration in some form, by injected humour, or randomised words&#8221; font_container=&#8221;tag:h5|font_size:15|text_align:left|color:%23ffffff|line_height:22px&#8221; use_theme_fonts=&#8221;yes&#8221; el_class=&#8221;fwl&#8221;][vc_empty_space height=&#8221;50px&#8221; tablet_height=&#8221;0&#8243;][\/vc_column][vc_column offset=&#8221;vc_col-lg-5 vc_col-md-5&#8243;][vc_empty_space height=&#8221;18px&#8221;][stm_mailchimp title=&#8221;Your e-mail address&#8221; title_color=&#8221;#ffffff&#8221;][vc_empty_space height=&#8221;50px&#8221;][\/vc_column][\/vc_row][vc_row css=&#8221;.vc_custom_1436164243861{margin-bottom: 28px !important;}&#8221;][vc_column][vc_empty_space height=&#8221;107px&#8221; tablet_height=&#8221;70&#8243; mobile_height=&#8221;50&#8243;][vc_custom_heading text=&#8221;MASTERSTUDY BLOG&#8221; font_container=&#8221;tag:h2|text_align:center&#8221; use_theme_fonts=&#8221;yes&#8221; css=&#8221;.vc_custom_1536828728541{margin-bottom: -13px !important;}&#8221;][vc_row_inner css=&#8221;.vc_custom_1536751636857{margin-bottom: 47px !important;}&#8221;][vc_column_inner][stm_color_separator css=&#8221;.vc_custom_1437023252855{margin-top: 7px !important;margin-bottom: 0px !important;}&#8221;][\/vc_column_inner][\/vc_row_inner][vc_row_inner][vc_column_inner][stm_post_list post_list_per_row=&#8221;3&#8243; post_list_show_date=&#8221;true&#8221; post_list_show_cats=&#8221;true&#8221; post_list_show_tags=&#8221;true&#8221; post_list_show_comments=&#8221;true&#8221; post_list_per_page=&#8221;3&#8243;][\/vc_column_inner][\/vc_row_inner][\/vc_column][\/vc_row]<\/p>\n<\/div>","protected":false},"excerpt":{"rendered":"<p>[vc_row css=&#8221;.vc_custom_1536745839740{margin-bottom: 0px !important;}&#8221;][vc_column css=&#8221;.vc_custom_1536745834183{margin-bottom: 0px !important;}&#8221;][rev_slider_vc alias=&#8221;main_slider&#8221;][\/vc_column][\/vc_row][vc_row css=&#8221;.vc_custom_1536823288236{margin-bottom: 44px !important;}&#8221;][vc_column][stm_lms_courses_categories style=&#8221;style_4&#8243; css=&#8221;.vc_custom_1536822373411{margin-top: -147px !important;}&#8221;][\/vc_column][\/vc_row][vc_row el_class=&#8221;overflowed_content&#8221;][vc_column][stm_lms_courses_grid hide_load_more=&#8221;hidden&#8221; per_row=&#8221;4&#8243; posts_per_page=&#8221;12&#8243; title=&#8221;Top Courses&#8221;][\/vc_column][\/vc_row][vc_row full_width=&#8221;stretch_row&#8221; parallax=&#8221;content-moving&#8221; parallax_image=&#8221;1164&#8243; parallax_speed_bg=&#8221;1.6&#8243; css=&#8221;.vc_custom_1536836667813{margin-bottom: 0px !important;padding-top: 29px !important;padding-bottom: 60px !important;}&#8221; el_class=&#8221;stm_fixed_background&#8221;][vc_column][vc_empty_space height=&#8221;42px&#8221;][vc_custom_heading text=&#8221;SCHOOL ACHIEVEMENTS&#8221; font_container=&#8221;tag:h2|text_align:center|color:%23ffffff&#8221; use_theme_fonts=&#8221;yes&#8221; css=&#8221;.vc_custom_1536823512323{margin-bottom: 51px !important;}&#8221;][vc_row_inner][vc_column_inner][vc_column_text css=&#8221;.vc_custom_1437037943778{margin-bottom: 11px !important;}&#8221;] Here you can review some statistics about our Education Center [\/vc_column_text][\/vc_column_inner][\/vc_row_inner][vc_row_inner [&hellip;]<\/p>\n","protected":false},"author":1,"featured_media":0,"parent":0,"menu_order":0,"comment_status":"closed","ping_status":"closed","template":"","meta":{"pmpro_default_level":"","footnotes":""},"class_list":["post-936","page","type-page","status-publish","hentry","pmpro-has-access"],"_links":{"self":[{"href":"https:\/\/www.fuentedevidamx.org\/index.php?rest_route=\/wp\/v2\/pages\/936","targetHints":{"allow":["GET"]}}],"collection":[{"href":"https:\/\/www.fuentedevidamx.org\/index.php?rest_route=\/wp\/v2\/pages"}],"about":[{"href":"https:\/\/www.fuentedevidamx.org\/index.php?rest_route=\/wp\/v2\/types\/page"}],"author":[{"embeddable":true,"href":"https:\/\/www.fuentedevidamx.org\/index.php?rest_route=\/wp\/v2\/users\/1"}],"replies":[{"embeddable":true,"href":"https:\/\/www.fuentedevidamx.org\/index.php?rest_route=%2Fwp%2Fv2%2Fcomments&post=936"}],"version-history":[{"count":2,"href":"https:\/\/www.fuentedevidamx.org\/index.php?rest_route=\/wp\/v2\/pages\/936\/revisions"}],"predecessor-version":[{"id":5010,"href":"https:\/\/www.fuentedevidamx.org\/index.php?rest_route=\/wp\/v2\/pages\/936\/revisions\/5010"}],"wp:attachment":[{"href":"https:\/\/www.fuentedevidamx.org\/index.php?rest_route=%2Fwp%2Fv2%2Fmedia&parent=936"}],"curies":[{"name":"wp","href":"https:\/\/api.w.org\/{rel}","templated":true}]}}